{"id":1093,"date":"2025-07-31T18:33:48","date_gmt":"2025-07-31T18:33:48","guid":{"rendered":"https:\/\/elrako.com.ar\/?post_type=product&#038;p=1093"},"modified":"2025-09-23T14:31:36","modified_gmt":"2025-09-23T14:31:36","slug":"postes-impregnados-cca-7-9cm","status":"publish","type":"product","link":"https:\/\/elrako.com.ar\/index.php\/producto\/postes-impregnados-cca-7-9cm\/","title":{"rendered":"Postes Impregnados CCA \u00d8 7-9 cm | Largos de 2,5 a 5 m"},"content":{"rendered":"<p data-start=\"607\" data-end=\"676\"><strong data-start=\"607\" data-end=\"676\">Postes de madera impregnados CCA \u00d8 7-9 cm \u2013 Largos de 2,5 m a 5 m<\/strong><\/p>\n<p data-start=\"678\" data-end=\"900\">Ideales para proyectos r\u00fasticos al aire libre, nuestros postes est\u00e1n <strong data-start=\"747\" data-end=\"806\">impregnados en autoclave con CCA<\/strong>, lo que les otorga una vida \u00fatil estimada de <strong data-start=\"852\" data-end=\"899\">10 a 15 a\u00f1os sin necesidad de mantenimiento<\/strong>.<\/p>\n<p data-start=\"902\" data-end=\"917\">Perfectos para:<\/p>\n<ul data-start=\"918\" data-end=\"1041\">\n<li data-start=\"918\" data-end=\"947\">\n<p data-start=\"920\" data-end=\"947\">Construcci\u00f3n de empalizadas<\/p>\n<\/li>\n<li data-start=\"948\" data-end=\"969\">\n<p data-start=\"950\" data-end=\"969\">Cercos y alambrados<\/p>\n<\/li>\n<li data-start=\"970\" data-end=\"1013\">\n<p data-start=\"972\" data-end=\"1013\">Barandas y pasamanos de balcones r\u00fasticos<\/p>\n<\/li>\n<li data-start=\"1014\" data-end=\"1041\">\n<p data-start=\"1016\" data-end=\"1041\">Uso agr\u00edcola o decorativo<\/p>\n<\/li>\n<\/ul>\n<p data-start=\"1043\" data-end=\"1072\"><strong data-start=\"1043\" data-end=\"1072\">Caracter\u00edsticas t\u00e9cnicas:<\/strong><\/p>\n<ul data-start=\"1073\" data-end=\"1256\">\n<li data-start=\"1073\" data-end=\"1099\">\n<p data-start=\"1075\" data-end=\"1099\">Di\u00e1metro: entre 7 y 9 cm<\/p>\n<\/li>\n<li data-start=\"1100\" data-end=\"1145\">\n<p data-start=\"1102\" data-end=\"1145\">Largos disponibles: 2,5 m \/ 3 m \/ 4 m \/ 5 m<\/p>\n<\/li>\n<li data-start=\"1146\" data-end=\"1203\">\n<p data-start=\"1148\" data-end=\"1203\">Tratamiento: impregnaci\u00f3n profunda en autoclave con CCA<\/p>\n<\/li>\n<li data-start=\"1204\" data-end=\"1256\">\n<p data-start=\"1206\" data-end=\"1256\">Madera protegida contra hongos, insectos y humedad<\/p>\n<\/li>\n<\/ul>\n<p data-start=\"1258\" data-end=\"1385\">La soluci\u00f3n perfecta para quienes buscan <strong data-start=\"1299\" data-end=\"1351\">resistencia, estilo r\u00fastico y bajo mantenimiento<\/strong> en sus construcciones exteriores.<\/p>\n","protected":false},"excerpt":{"rendered":"<p data-start=\"322\" data-end=\"541\">Postes de madera impregnados en autoclave con CCA, de 7 a 9 cm de di\u00e1metro y largos desde 2,5 hasta 5 metros. Alta durabilidad (10 a 15 a\u00f1os) sin mantenimiento. Perfectos para cercos, empalizadas y estructuras r\u00fasticas.<\/p>\n","protected":false},"featured_media":1690,"template":"","meta":{"_joinchat":[]},"product_brand":[24],"product_cat":[82,21],"product_tag":[30,84,29,62,83,61,36,37,27],"class_list":{"0":"post-1093","1":"product","2":"type-product","3":"status-publish","4":"has-post-thumbnail","6":"product_brand-el-rako","7":"product_cat-materiales","8":"product_cat-postes","9":"product_tag-autoclave","10":"product_tag-barandas","11":"product_tag-cca","12":"product_tag-cercos","13":"product_tag-construccion-rustica","14":"product_tag-empalizadas","15":"product_tag-impregnados","16":"product_tag-madera-tratada","17":"product_tag-postes","19":"first","20":"instock","21":"shipping-taxable","22":"product-type-simple"},"_links":{"self":[{"href":"https:\/\/elrako.com.ar\/index.php\/wp-json\/wp\/v2\/product\/1093","targetHints":{"allow":["GET"]}}],"collection":[{"href":"https:\/\/elrako.com.ar\/index.php\/wp-json\/wp\/v2\/product"}],"about":[{"href":"https:\/\/elrako.com.ar\/index.php\/wp-json\/wp\/v2\/types\/product"}],"wp:featuredmedia":[{"embeddable":true,"href":"https:\/\/elrako.com.ar\/index.php\/wp-json\/wp\/v2\/media\/1690"}],"wp:attachment":[{"href":"https:\/\/elrako.com.ar\/index.php\/wp-json\/wp\/v2\/media?parent=1093"}],"wp:term":[{"taxonomy":"product_brand","embeddable":true,"href":"https:\/\/elrako.com.ar\/index.php\/wp-json\/wp\/v2\/product_brand?post=1093"},{"taxonomy":"product_cat","embeddable":true,"href":"https:\/\/elrako.com.ar\/index.php\/wp-json\/wp\/v2\/product_cat?post=1093"},{"taxonomy":"product_tag","embeddable":true,"href":"https:\/\/elrako.com.ar\/index.php\/wp-json\/wp\/v2\/product_tag?post=1093"}],"curies":[{"name":"wp","href":"https:\/\/api.w.org\/{rel}","templated":true}]}}