{"id":1104,"date":"2025-07-31T19:03:20","date_gmt":"2025-07-31T19:03:20","guid":{"rendered":"https:\/\/elrako.com.ar\/?post_type=product&#038;p=1104"},"modified":"2025-08-28T10:55:07","modified_gmt":"2025-08-28T10:55:07","slug":"accesorios-hherrajes-clavos-madera","status":"publish","type":"product","link":"https:\/\/elrako.com.ar\/index.php\/producto\/accesorios-hherrajes-clavos-madera\/","title":{"rendered":"Accesorios para Estructuras de Madera | Herrajes y Clavos"},"content":{"rendered":"<p data-start=\"753\" data-end=\"819\"><strong data-start=\"753\" data-end=\"819\">Accesorios para construcci\u00f3n y armado de estructuras de madera<\/strong><\/p>\n<p data-start=\"821\" data-end=\"984\">Ofrecemos una l\u00ednea completa de <strong data-start=\"853\" data-end=\"886\">herrajes y clavos espiralados<\/strong> pensados para facilitar y asegurar el armado de postes y estructuras de madera tratada o natural.<\/p>\n<p data-start=\"986\" data-end=\"1011\"><strong data-start=\"986\" data-end=\"1011\">Herrajes disponibles:<\/strong><\/p>\n<ul data-start=\"1012\" data-end=\"1126\">\n<li data-start=\"1012\" data-end=\"1070\">\n<p data-start=\"1014\" data-end=\"1070\">Grandes: compatibles con postes de di\u00e1metro 10 a 16 cm<\/p>\n<\/li>\n<li data-start=\"1071\" data-end=\"1126\">\n<p data-start=\"1073\" data-end=\"1126\">Chicos: compatibles con postes de di\u00e1metro 7 a 9 cm<\/p>\n<\/li>\n<\/ul>\n<p data-start=\"1128\" data-end=\"1151\"><strong data-start=\"1128\" data-end=\"1151\">Clavos espiralados:<\/strong><\/p>\n<ul data-start=\"1152\" data-end=\"1308\">\n<li data-start=\"1152\" data-end=\"1193\">\n<p data-start=\"1154\" data-end=\"1193\">Medidas disponibles: 2,5&#8243;, 3&#8243;, 4&#8243;, 6&#8243;<\/p>\n<\/li>\n<li data-start=\"1194\" data-end=\"1249\">\n<p data-start=\"1196\" data-end=\"1249\">Alta resistencia para asegurar firmeza en el armado<\/p>\n<\/li>\n<li data-start=\"1250\" data-end=\"1308\">\n<p data-start=\"1252\" data-end=\"1308\">Especial para madera impregnada y estructuras exteriores<\/p>\n<\/li>\n<\/ul>\n<p data-start=\"1310\" data-end=\"1325\"><strong data-start=\"1310\" data-end=\"1325\">Beneficios:<\/strong><\/p>\n<ul data-start=\"1326\" data-end=\"1511\">\n<li data-start=\"1326\" data-end=\"1378\">\n<p data-start=\"1328\" data-end=\"1378\">Compatibilidad con nuestros postes y estructuras<\/p>\n<\/li>\n<li data-start=\"1379\" data-end=\"1421\">\n<p data-start=\"1381\" data-end=\"1421\">Materiales resistentes a la intemperie<\/p>\n<\/li>\n<li data-start=\"1422\" data-end=\"1464\">\n<p data-start=\"1424\" data-end=\"1464\">Facilitan montajes s\u00f3lidos y duraderos<\/p>\n<\/li>\n<li data-start=\"1465\" data-end=\"1511\">\n<p data-start=\"1467\" data-end=\"1511\">Ideales para cercos, p\u00e9rgolas, galer\u00eda y m\u00e1s<\/p>\n<\/li>\n<\/ul>\n","protected":false},"excerpt":{"rendered":"<p data-start=\"513\" data-end=\"687\">Herrajes grandes y chicos para postes de madera (7 a 16 cm) y clavos espiralados en varias medidas. Accesorios resistentes y compatibles con estructuras r\u00fasticas y duraderas.<\/p>\n","protected":false},"featured_media":1676,"template":"","meta":{"_joinchat":[]},"product_brand":[24],"product_cat":[72,82],"product_tag":[75,74,55,31,66,73,56,76,77],"class_list":{"0":"post-1104","1":"product","2":"type-product","3":"status-publish","4":"has-post-thumbnail","6":"product_brand-el-rako","7":"product_cat-accesorios","8":"product_cat-materiales","9":"product_tag-accesorios","10":"product_tag-clavos","11":"product_tag-construccion","12":"product_tag-estructuras","13":"product_tag-exterior","14":"product_tag-herrajes","15":"product_tag-madera-impregnada","16":"product_tag-poste","17":"product_tag-resistencia","19":"first","20":"instock","21":"shipping-taxable","22":"product-type-simple"},"_links":{"self":[{"href":"https:\/\/elrako.com.ar\/index.php\/wp-json\/wp\/v2\/product\/1104","targetHints":{"allow":["GET"]}}],"collection":[{"href":"https:\/\/elrako.com.ar\/index.php\/wp-json\/wp\/v2\/product"}],"about":[{"href":"https:\/\/elrako.com.ar\/index.php\/wp-json\/wp\/v2\/types\/product"}],"wp:featuredmedia":[{"embeddable":true,"href":"https:\/\/elrako.com.ar\/index.php\/wp-json\/wp\/v2\/media\/1676"}],"wp:attachment":[{"href":"https:\/\/elrako.com.ar\/index.php\/wp-json\/wp\/v2\/media?parent=1104"}],"wp:term":[{"taxonomy":"product_brand","embeddable":true,"href":"https:\/\/elrako.com.ar\/index.php\/wp-json\/wp\/v2\/product_brand?post=1104"},{"taxonomy":"product_cat","embeddable":true,"href":"https:\/\/elrako.com.ar\/index.php\/wp-json\/wp\/v2\/product_cat?post=1104"},{"taxonomy":"product_tag","embeddable":true,"href":"https:\/\/elrako.com.ar\/index.php\/wp-json\/wp\/v2\/product_tag?post=1104"}],"curies":[{"name":"wp","href":"https:\/\/api.w.org\/{rel}","templated":true}]}}