{"id":1105,"date":"2025-07-31T19:04:53","date_gmt":"2025-07-31T19:04:53","guid":{"rendered":"https:\/\/elrako.com.ar\/?post_type=product&#038;p=1105"},"modified":"2025-09-17T12:40:03","modified_gmt":"2025-09-17T12:40:03","slug":"paneles-varas-naturales-cana","status":"publish","type":"product","link":"https:\/\/elrako.com.ar\/index.php\/producto\/paneles-varas-naturales-cana\/","title":{"rendered":"Paneles de Varas Naturales y de Ca\u00f1a con Patas para Clavar"},"content":{"rendered":"<p data-start=\"624\" data-end=\"703\"><strong data-start=\"624\" data-end=\"703\">Paneles de varas naturales con patas impregnadas y ca\u00f1as (sin patas) \u2013 F\u00e1cil instalaci\u00f3n<\/strong><\/p>\n<p data-start=\"705\" data-end=\"877\">Ofrecemos paneles fabricados con <strong data-start=\"738\" data-end=\"757\">varas naturales<\/strong> o <strong data-start=\"760\" data-end=\"768\">ca\u00f1a <\/strong>(sin patas), montados sobre patas de varas impregnadas para una instalaci\u00f3n sencilla clav\u00e1ndolos directamente en tierra.<\/p>\n<p data-start=\"879\" data-end=\"911\"><strong data-start=\"879\" data-end=\"911\">Caracter\u00edsticas principales:<\/strong><\/p>\n<ul data-start=\"912\" data-end=\"1213\">\n<li data-start=\"912\" data-end=\"961\">\n<p data-start=\"914\" data-end=\"961\">Materiales: varas naturales sin tratar y ca\u00f1a<\/p>\n<\/li>\n<li data-start=\"962\" data-end=\"1036\">\n<p data-start=\"964\" data-end=\"1036\">Patas de varas impregnadas en autoclave con CCA para mayor durabilidad<\/p>\n<\/li>\n<li data-start=\"1037\" data-end=\"1107\">\n<p data-start=\"1039\" data-end=\"1107\">Uso ideal para cercos, cerramientos livianos y decoraci\u00f3n exterior<\/p>\n<\/li>\n<li data-start=\"1108\" data-end=\"1179\">\n<p data-start=\"1110\" data-end=\"1179\">Est\u00e9tica natural y r\u00fastica que se integra en espacios al aire libre<\/p>\n<\/li>\n<li data-start=\"1180\" data-end=\"1213\">\n<p data-start=\"1182\" data-end=\"1213\">F\u00e1cil instalaci\u00f3n y movilidad<\/p>\n<\/li>\n<\/ul>\n<p data-start=\"1215\" data-end=\"1237\"><strong data-start=\"1215\" data-end=\"1237\">Usos recomendados:<\/strong><\/p>\n<ul data-start=\"1238\" data-end=\"1396\">\n<li data-start=\"1238\" data-end=\"1273\">\n<p data-start=\"1240\" data-end=\"1273\">Cercos temporales o definitivos<\/p>\n<\/li>\n<li data-start=\"1274\" data-end=\"1308\">\n<p data-start=\"1276\" data-end=\"1308\">Divisores de jard\u00edn y espacios<\/p>\n<\/li>\n<li data-start=\"1309\" data-end=\"1355\">\n<p data-start=\"1311\" data-end=\"1355\">Protecci\u00f3n y privacidad con estilo natural<\/p>\n<\/li>\n<li data-start=\"1356\" data-end=\"1396\">\n<p data-start=\"1358\" data-end=\"1396\">Complemento para p\u00e9rgolas y galer\u00edas<\/p>\n<\/li>\n<\/ul>\n","protected":false},"excerpt":{"rendered":"<p data-start=\"398\" data-end=\"558\">Paneles r\u00fasticos de varas naturales y ca\u00f1a, con patas impregnadas para clavarse en tierra. Soluciones pr\u00e1cticas para cercos, cerramientos y decoraci\u00f3n exterior.<\/p>\n","protected":false},"featured_media":1674,"template":"","meta":{"_joinchat":[]},"product_brand":[24],"product_cat":[60,23],"product_tag":[80,62,50,66,78,81,49,79],"class_list":{"0":"post-1105","1":"product","2":"type-product","3":"status-publish","4":"has-post-thumbnail","6":"product_brand-el-rako","7":"product_cat-cercos","8":"product_cat-construcciones","9":"product_tag-cana","10":"product_tag-cercos","11":"product_tag-cerramientos","12":"product_tag-exterior","13":"product_tag-paneles","14":"product_tag-patas-impregnadas","15":"product_tag-rustico","16":"product_tag-varas-naturales","18":"first","19":"instock","20":"shipping-taxable","21":"product-type-simple"},"_links":{"self":[{"href":"https:\/\/elrako.com.ar\/index.php\/wp-json\/wp\/v2\/product\/1105","targetHints":{"allow":["GET"]}}],"collection":[{"href":"https:\/\/elrako.com.ar\/index.php\/wp-json\/wp\/v2\/product"}],"about":[{"href":"https:\/\/elrako.com.ar\/index.php\/wp-json\/wp\/v2\/types\/product"}],"wp:featuredmedia":[{"embeddable":true,"href":"https:\/\/elrako.com.ar\/index.php\/wp-json\/wp\/v2\/media\/1674"}],"wp:attachment":[{"href":"https:\/\/elrako.com.ar\/index.php\/wp-json\/wp\/v2\/media?parent=1105"}],"wp:term":[{"taxonomy":"product_brand","embeddable":true,"href":"https:\/\/elrako.com.ar\/index.php\/wp-json\/wp\/v2\/product_brand?post=1105"},{"taxonomy":"product_cat","embeddable":true,"href":"https:\/\/elrako.com.ar\/index.php\/wp-json\/wp\/v2\/product_cat?post=1105"},{"taxonomy":"product_tag","embeddable":true,"href":"https:\/\/elrako.com.ar\/index.php\/wp-json\/wp\/v2\/product_tag?post=1105"}],"curies":[{"name":"wp","href":"https:\/\/api.w.org\/{rel}","templated":true}]}}