{"id":2076,"date":"2026-01-26T15:34:19","date_gmt":"2026-01-26T15:34:19","guid":{"rendered":"https:\/\/elrako.com.ar\/?post_type=product&#038;p=2076"},"modified":"2026-03-01T18:49:50","modified_gmt":"2026-03-01T18:49:50","slug":"reposera-delta","status":"publish","type":"product","link":"https:\/\/elrako.com.ar\/index.php\/producto\/reposera-delta\/","title":{"rendered":"Reposera Delta"},"content":{"rendered":"<div><strong>Medidas<\/strong><\/div>\n<div>70 cm de ancho x 2 m de largo<\/div>\n<div>Madera de eucalipto natural<\/div>\n<div>Tratamiento: Cetol Cristal<\/div>\n<div>Apta exterior<\/div>\n<div><\/div>\n<div><strong>Opcional<\/strong><\/div>\n<div>\u2022Colchoneta de 5 cm de espesor<\/div>\n<div>\u2022Tela Bagun impermeable<\/div>\n<p>&nbsp;<\/p>\n","protected":false},"excerpt":{"rendered":"<p>La Reposera Delta es sol, madera y descanso.<br \/>\nDise\u00f1ada en eucalipto natural, con estructura firme y respaldo de dos posiciones para acompa\u00f1ar distintos momentos del d\u00eda. Ideal para disfrutar el exterior con simpleza y comodidad.<\/p>\n","protected":false},"featured_media":2132,"template":"","meta":{"_joinchat":[]},"product_brand":[86],"product_cat":[26,88],"product_tag":[],"class_list":{"0":"post-2076","1":"product","2":"type-product","3":"status-publish","4":"has-post-thumbnail","6":"product_brand-el-rako-nativo","7":"product_cat-muebles","8":"product_cat-reposeras","10":"first","11":"instock","12":"shipping-taxable","13":"purchasable","14":"product-type-simple"},"_links":{"self":[{"href":"https:\/\/elrako.com.ar\/index.php\/wp-json\/wp\/v2\/product\/2076","targetHints":{"allow":["GET"]}}],"collection":[{"href":"https:\/\/elrako.com.ar\/index.php\/wp-json\/wp\/v2\/product"}],"about":[{"href":"https:\/\/elrako.com.ar\/index.php\/wp-json\/wp\/v2\/types\/product"}],"wp:featuredmedia":[{"embeddable":true,"href":"https:\/\/elrako.com.ar\/index.php\/wp-json\/wp\/v2\/media\/2132"}],"wp:attachment":[{"href":"https:\/\/elrako.com.ar\/index.php\/wp-json\/wp\/v2\/media?parent=2076"}],"wp:term":[{"taxonomy":"product_brand","embeddable":true,"href":"https:\/\/elrako.com.ar\/index.php\/wp-json\/wp\/v2\/product_brand?post=2076"},{"taxonomy":"product_cat","embeddable":true,"href":"https:\/\/elrako.com.ar\/index.php\/wp-json\/wp\/v2\/product_cat?post=2076"},{"taxonomy":"product_tag","embeddable":true,"href":"https:\/\/elrako.com.ar\/index.php\/wp-json\/wp\/v2\/product_tag?post=2076"}],"curies":[{"name":"wp","href":"https:\/\/api.w.org\/{rel}","templated":true}]}}